{"id":347,"date":"2022-12-06T17:33:15","date_gmt":"2022-12-06T17:33:15","guid":{"rendered":"https:\/\/les-touristes.com\/?page_id=347"},"modified":"2023-10-18T14:23:58","modified_gmt":"2023-10-18T14:23:58","slug":"compagnie","status":"publish","type":"page","link":"https:\/\/les-touristes.com\/?page_id=347&lang=fr","title":{"rendered":"Compagnie"},"content":{"rendered":"\n<h4 class=\"wp-block-heading\">Gaby &amp; Henry<\/h4>\n\n\n\n<p><\/p>\n\n\n\n<p><\/p>\n\n\n\n<p>La famille Camus a grandi dans le monde du spectacle, Gaby dans le cirque pour enfants Robinson, Henry avec sa famille de musiciens professionnels. Lorsqu&#8217;ils se sont retrouv\u00e9s il y a 30 ans, ils ont combin\u00e9 leurs talents et cr\u00e9\u00e9 le Duo Full House. Vous pouvez en savoir plus sur eux sur leur page web <a href=\"http:\/\/www.fullhouse.ch\" target=\"_blank\" rel=\"noopener\" title=\"\">www.fullhouse.ch<\/a> et sur la vid\u00e9o ci-dessous d&#8217;une r\u00e9cente tourn\u00e9e avec le cirque national suisse Knie.<\/p>\n\n\n\n<figure class=\"wp-block-embed is-type-video is-provider-youtube wp-block-embed-youtube wp-embed-aspect-16-9 wp-has-aspect-ratio\"><div class=\"wp-block-embed__wrapper\">\n<iframe loading=\"lazy\" title=\"Duo Full House in Circus Knie - Lugano 2022 (teaser)\" width=\"770\" height=\"433\" src=\"https:\/\/www.youtube.com\/embed\/Q0EPU6dt6t4?feature=oembed\" frameborder=\"0\" allow=\"accelerometer; autoplay; clipboard-write; encrypted-media; gyroscope; picture-in-picture; web-share\" allowfullscreen><\/iframe>\n<\/div><\/figure>\n\n\n\n<hr class=\"wp-block-separator has-alpha-channel-opacity is-style-wide\"\/>\n\n\n\n<h4 class=\"wp-block-heading\">Viviana<\/h4>\n\n\n\n<p>Viviana a \u00e9tudi\u00e9 la danse classique et moderne pendant de nombreuses ann\u00e9es \u00e0 la <a href=\"https:\/\/www.movingfactory.ch\" target=\"_blank\" rel=\"noreferrer noopener\">Moving Factory<\/a> de Losone, en Suisse. Elle \u00e9tudie \u00e9galement le piano et le violoncelle. Actuellement, elle obtient son dipl\u00f4me de bachelor en actorat-musicologie \u00e0 la <a href=\"https:\/\/www.mountview.org.uk\/\" target=\"_blank\" rel=\"noopener\" title=\"\">Mountview Academy<\/a> \u00e0 Londres. Voici un projet de danse auquel elle a particip\u00e9 avec la Moving Factory.<\/p>\n\n\n\n<figure class=\"wp-block-embed is-type-video is-provider-youtube wp-block-embed-youtube wp-embed-aspect-16-9 wp-has-aspect-ratio\"><div class=\"wp-block-embed__wrapper\">\n<iframe loading=\"lazy\" title=\"In the Sky\" width=\"770\" height=\"433\" src=\"https:\/\/www.youtube.com\/embed\/aRS4PFSz9qs?feature=oembed\" frameborder=\"0\" allow=\"accelerometer; autoplay; clipboard-write; encrypted-media; gyroscope; picture-in-picture; web-share\" allowfullscreen><\/iframe>\n<\/div><\/figure>\n\n\n\n<hr class=\"wp-block-separator has-alpha-channel-opacity is-style-wide\"\/>\n\n\n\n<h4 class=\"wp-block-heading\">Dominic<\/h4>\n\n\n\n<p>Dominic a \u00e9tudi\u00e9 la batterie pendant de nombreuses ann\u00e9es au <a href=\"https:\/\/www.smum.ch\/\" target=\"_blank\" rel=\"noopener\" title=\"\">SMUM de Locarno<\/a> et est acrobate \u00e0 l&#8217;<a href=\"https:\/\/www.usascona.ch\/\" target=\"_blank\" rel=\"noreferrer noopener\">Unione Sportiva Ascona<\/a>. Il \u00e9tudie \u00e9galement le karat\u00e9 et poss\u00e8de une ceinture noire pour avoir \u00e9nerv\u00e9 ses parents. Passionn\u00e9 de jeux vid\u00e9o, il est un expert de nombreux jeux vid\u00e9o actuels qui font perdre du temps, pardon, qui sont ultra-r\u00e9alistes.<\/p>\n\n\n\n<p> <\/p>\n\n\n\n<figure class=\"wp-block-image size-full\"><img loading=\"lazy\" decoding=\"async\" width=\"800\" height=\"600\" src=\"https:\/\/les-touristes.com\/wp-content\/uploads\/2023\/10\/Dominic.jpg\" alt=\"\" class=\"wp-image-484\" title=\"\" srcset=\"https:\/\/les-touristes.com\/wp-content\/uploads\/2023\/10\/Dominic.jpg 800w, https:\/\/les-touristes.com\/wp-content\/uploads\/2023\/10\/Dominic-300x225.jpg 300w, https:\/\/les-touristes.com\/wp-content\/uploads\/2023\/10\/Dominic-768x576.jpg 768w, https:\/\/les-touristes.com\/wp-content\/uploads\/2023\/10\/Dominic-80x60.jpg 80w\" sizes=\"auto, (max-width: 800px) 100vw, 800px\" \/><\/figure>\n","protected":false},"excerpt":{"rendered":"<p>Gaby &amp; Henry La famille Camus a grandi dans le monde du spectacle, Gaby dans le cirque pour enfants Robinson, Henry avec sa famille de musiciens professionnels. Lorsqu&#8217;ils se sont retrouv\u00e9s il y a 30 ans, ils ont combin\u00e9 leurs talents et cr\u00e9\u00e9 le Duo Full House. Vous pouvez en savoir plus sur eux sur &hellip; <\/p>\n","protected":false},"author":1,"featured_media":0,"parent":0,"menu_order":0,"comment_status":"closed","ping_status":"closed","template":"","meta":{"pgc_sgb_lightbox_settings":"","footnotes":""},"folder":[],"class_list":["post-347","page","type-page","status-publish","hentry","latest_post"],"_links":{"self":[{"href":"https:\/\/les-touristes.com\/index.php?rest_route=\/wp\/v2\/pages\/347","targetHints":{"allow":["GET"]}}],"collection":[{"href":"https:\/\/les-touristes.com\/index.php?rest_route=\/wp\/v2\/pages"}],"about":[{"href":"https:\/\/les-touristes.com\/index.php?rest_route=\/wp\/v2\/types\/page"}],"author":[{"embeddable":true,"href":"https:\/\/les-touristes.com\/index.php?rest_route=\/wp\/v2\/users\/1"}],"replies":[{"embeddable":true,"href":"https:\/\/les-touristes.com\/index.php?rest_route=%2Fwp%2Fv2%2Fcomments&post=347"}],"version-history":[{"count":0,"href":"https:\/\/les-touristes.com\/index.php?rest_route=\/wp\/v2\/pages\/347\/revisions"}],"wp:attachment":[{"href":"https:\/\/les-touristes.com\/index.php?rest_route=%2Fwp%2Fv2%2Fmedia&parent=347"}],"wp:term":[{"taxonomy":"folder","embeddable":true,"href":"https:\/\/les-touristes.com\/index.php?rest_route=%2Fwp%2Fv2%2Ffolder&post=347"}],"curies":[{"name":"wp","href":"https:\/\/api.w.org\/{rel}","templated":true}]}}